{"id":3,"date":"2007-11-01T16:27:26","date_gmt":"2007-11-01T15:27:26","guid":{"rendered":"http:\/\/www.nereud.de\/?page_id=3"},"modified":"2017-09-08T13:55:48","modified_gmt":"2017-09-08T12:55:48","slug":"uber-uns","status":"publish","type":"page","link":"http:\/\/www.nereud.de\/?page_id=3","title":{"rendered":"\u00dcber uns"},"content":{"rendered":"<p>\u00dcber uns\u2026..das hei\u00dft wohl, dass hier tats\u00e4chlich etwas \u00fcber uns stehen sollte. Also gut:<\/p>\n<p>Wir sind eine dreik\u00f6pfige Familie (Astrid, Thomas &#8211; beide Jahrgang 1970 &#8211; und Rike D\u00fcren &#8211; Jahrgang 2004), die seit 2003 in Salzgitter-Lichtenberg wohnt. Davor haben wir sieben Jahre auf dem <a href=\"http:\/\/www.bockshof.de\/\">Bockshof<\/a> in Westerlinde gelebt.<\/p>\n","protected":false},"excerpt":{"rendered":"<p>\u00dcber uns\u2026..das hei\u00dft wohl, dass hier tats\u00e4chlich etwas \u00fcber uns stehen sollte. Also gut: Wir sind eine dreik\u00f6pfige Familie (Astrid, Thomas &#8211; beide Jahrgang 1970 &#8211; und Rike D\u00fcren &#8211; Jahrgang 2004), die seit 2003 in Salzgitter-Lichtenberg wohnt. Davor haben wir sieben Jahre auf dem Bockshof in Westerlinde gelebt.<\/p>\n","protected":false},"author":2,"featured_media":0,"parent":0,"menu_order":0,"comment_status":"open","ping_status":"open","template":"","meta":{"ngg_post_thumbnail":0,"jetpack_post_was_ever_published":false,"footnotes":""},"class_list":["post-3","page","type-page","status-publish","hentry"],"jetpack_sharing_enabled":true,"jetpack_shortlink":"https:\/\/wp.me\/P9v4LZ-3","jetpack_likes_enabled":true,"jetpack-related-posts":[],"_links":{"self":[{"href":"http:\/\/www.nereud.de\/index.php?rest_route=\/wp\/v2\/pages\/3","targetHints":{"allow":["GET"]}}],"collection":[{"href":"http:\/\/www.nereud.de\/index.php?rest_route=\/wp\/v2\/pages"}],"about":[{"href":"http:\/\/www.nereud.de\/index.php?rest_route=\/wp\/v2\/types\/page"}],"author":[{"embeddable":true,"href":"http:\/\/www.nereud.de\/index.php?rest_route=\/wp\/v2\/users\/2"}],"replies":[{"embeddable":true,"href":"http:\/\/www.nereud.de\/index.php?rest_route=%2Fwp%2Fv2%2Fcomments&post=3"}],"version-history":[{"count":8,"href":"http:\/\/www.nereud.de\/index.php?rest_route=\/wp\/v2\/pages\/3\/revisions"}],"predecessor-version":[{"id":1908,"href":"http:\/\/www.nereud.de\/index.php?rest_route=\/wp\/v2\/pages\/3\/revisions\/1908"}],"wp:attachment":[{"href":"http:\/\/www.nereud.de\/index.php?rest_route=%2Fwp%2Fv2%2Fmedia&parent=3"}],"curies":[{"name":"wp","href":"https:\/\/api.w.org\/{rel}","templated":true}]}}