{"id":4,"date":"2007-11-01T16:30:09","date_gmt":"2007-11-01T15:30:09","guid":{"rendered":"http:\/\/www.nereud.de\/?page_id=4"},"modified":"2018-05-22T18:06:49","modified_gmt":"2018-05-22T17:06:49","slug":"katzen","status":"publish","type":"page","link":"http:\/\/www.nereud.de\/?page_id=4","title":{"rendered":"Katzen"},"content":{"rendered":"<p><a title=\"Simon's Cat\" href=\"http:\/\/www.simonscat.com\" target=\"_blank\" rel=\"noopener\"><img data-recalc-dims=\"1\" loading=\"lazy\" decoding=\"async\" data-attachment-id=\"540\" data-permalink=\"http:\/\/www.nereud.de\/?attachment_id=540\" data-orig-file=\"https:\/\/i0.wp.com\/www.nereud.de\/wp-content\/uploads\/2011\/01\/sc_ilove_100x100.jpg?fit=100%2C100\" data-orig-size=\"100,100\" data-comments-opened=\"1\" data-image-meta=\"{&quot;aperture&quot;:&quot;0&quot;,&quot;credit&quot;:&quot;&quot;,&quot;camera&quot;:&quot;&quot;,&quot;caption&quot;:&quot;&quot;,&quot;created_timestamp&quot;:&quot;0&quot;,&quot;copyright&quot;:&quot;&quot;,&quot;focal_length&quot;:&quot;0&quot;,&quot;iso&quot;:&quot;0&quot;,&quot;shutter_speed&quot;:&quot;0&quot;,&quot;title&quot;:&quot;&quot;}\" data-image-title=\"Simons Cat\" data-image-description=\"\" data-image-caption=\"\" data-large-file=\"https:\/\/i0.wp.com\/www.nereud.de\/wp-content\/uploads\/2011\/01\/sc_ilove_100x100.jpg?fit=100%2C100\" class=\"alignright size-full wp-image-540\" title=\"Simons Cat\" src=\"https:\/\/i0.wp.com\/www.nereud.de\/wp-content\/uploads\/2011\/01\/sc_ilove_100x100.jpg?resize=100%2C100\" alt=\"\" width=\"100\" height=\"100\"><\/a><br \/>\nWir haben seit 1993 eine verschieden hohe Zahl von Mitbewohnern.<\/p>\n<p>Alles begann mit einem Meerschweinp\u00e4archen (Lulu und Elvis), das recht schnell Nachwuchs hatte. Die ersten Kinder der beiden wurden auch bei uns aufgenommen, so dass sich die Zahl unserer Mitbewohner auf dann sechs Tiere erh\u00f6hte. Weiterer Meerschweinchennachwuchs wurde regelm\u00e4\u00dfig abgegeben, da mehr als sechs Tiere zuviel f\u00fcr uns gewesen w\u00e4re. Allerdings hatten wir durch den Nachwuchs teilweise bis zu zw\u00f6lf Tiere, die durch unser Wohnzimmer tobten.<\/p>\n<p>Mit dem Umzug auf den <a href=\"http:\/\/www.bockshof.de\/\">Bockshof<\/a> kam es nach und nach vor, dass eine der Hofkatzen h\u00e4ufiger mit in die Wohnung kam und sich auf dem Sofa breit machte.<\/p>\n<p>Nach dem Ableben der ersten beiden Schweine zog der Karnickelbock Leo bei uns ein. Er konnte nat\u00fcrlich nicht allein sein, so dass wir ihm schnell ein Weibchen hinzugesellten. Die beiden Kaninchen haben sich immer gut mit den Meerschweinen (zu der Zeit vier an der Zahl) verstanden und viel miteinander getobt und gekuschelt.<\/p>\n<p>Als wir 2003 in unser Haus zogen kam es leider zu einigen Problemen mit unseren Nagern. Im Wohnzimmer, wo sie wie bisher auch laufen sollten, haben wir Fliesen (mit Fu\u00dfbodenheizung). Leider laufen die Nager hier gar nicht, obwohl wir in der Wohnung bisher Korkparkett hatten, dass vergleichbar glatt ist. Alle Tricks und Versuche konnten die Tiere nicht zum Laufen bewegen. Sie mussten nun leider im K\u00e4fig bleiben und konnten nur im Sommer zu m\u00f6glichst vielen Gelegenheiten im Gartenauslauf laufen. Auf Dauer aber kein haltbarer Zustand f\u00fcr die Tiere, so dass wir unsere Nager im April 2005 an ein gute Bekannte abgegeben haben. Sie wohnen nun nicht weit von uns in einem netten Gehege im Garten und haben endlich wieder gen\u00fcgend Auslauf.<\/p>\n<p>Durch einen Zufall wohnen seit Juni 2004 die beiden Britisch-Kurzhaar-Katzen Lucy und Scotty bei uns. Die beiden Geschwister waren Opfer einer Scheidung bzw. Trennung und gerade einmal 3 Jahre alt, als sie zu uns kamen. Nach kurzer Eingew\u00f6hnungszeit gefiel es ihnen immer besser bei uns.<\/p>\n<p><img loading=\"lazy\" decoding=\"async\" src=\"http:\/\/www.nereud.de\/images\/lucy1\" alt=\"Lucy\" width=\"192\" height=\"144\"> <img loading=\"lazy\" decoding=\"async\" src=\"http:\/\/www.nereud.de\/images\/scotty1\" alt=\"Scotty\" width=\"192\" height=\"144\"><\/p>\n<p>Das Bild links zeigt Lucy (leider im Dezember 2017 verstorben), die kleinere von beiden. Sie liegt auf einem ihrer Abendpl\u00e4tze; einem Sitzkissen in unserem Wohnzimmer.<\/p>\n<p>Lucys Bruder Scotty (grau, im Mai 2018 mit knapp 17 Jahren verstorben) im Waschbecken unseres Badezimmers. Gerade an w\u00e4rmeren Sommertagen lag er h\u00e4ufig dort, um sich die notwendige Abk\u00fchlung zu verschaffen.<\/p>\n<p><img data-recalc-dims=\"1\" loading=\"lazy\" decoding=\"async\" data-attachment-id=\"1912\" data-permalink=\"http:\/\/www.nereud.de\/?attachment_id=1912\" data-orig-file=\"https:\/\/i0.wp.com\/www.nereud.de\/wp-content\/uploads\/2018\/03\/P1004345.jpg?fit=5184%2C3888\" data-orig-size=\"5184,3888\" data-comments-opened=\"1\" data-image-meta=\"{&quot;aperture&quot;:&quot;3.9&quot;,&quot;credit&quot;:&quot;&quot;,&quot;camera&quot;:&quot;DC-G9&quot;,&quot;caption&quot;:&quot;&quot;,&quot;created_timestamp&quot;:&quot;1520261711&quot;,&quot;copyright&quot;:&quot;&quot;,&quot;focal_length&quot;:&quot;38&quot;,&quot;iso&quot;:&quot;400&quot;,&quot;shutter_speed&quot;:&quot;0.01&quot;,&quot;title&quot;:&quot;&quot;,&quot;orientation&quot;:&quot;1&quot;}\" data-image-title=\"P1004345\" data-image-description=\"&lt;p&gt;Dave und Liz&lt;\/p&gt;\n\" data-image-caption=\"\" data-large-file=\"https:\/\/i0.wp.com\/www.nereud.de\/wp-content\/uploads\/2018\/03\/P1004345.jpg?fit=1000%2C750\" class=\"alignleft size-medium wp-image-1912\" src=\"https:\/\/i0.wp.com\/www.nereud.de\/wp-content\/uploads\/2018\/03\/P1004345.jpg?resize=300%2C225\" alt=\"\" width=\"300\" height=\"225\" srcset=\"https:\/\/i0.wp.com\/www.nereud.de\/wp-content\/uploads\/2018\/03\/P1004345.jpg?resize=300%2C225 300w, https:\/\/i0.wp.com\/www.nereud.de\/wp-content\/uploads\/2018\/03\/P1004345.jpg?resize=768%2C576 768w, https:\/\/i0.wp.com\/www.nereud.de\/wp-content\/uploads\/2018\/03\/P1004345.jpg?resize=1024%2C768 1024w, https:\/\/i0.wp.com\/www.nereud.de\/wp-content\/uploads\/2018\/03\/P1004345.jpg?resize=400%2C300 400w, https:\/\/i0.wp.com\/www.nereud.de\/wp-content\/uploads\/2018\/03\/P1004345.jpg?w=2000 2000w, https:\/\/i0.wp.com\/www.nereud.de\/wp-content\/uploads\/2018\/03\/P1004345.jpg?w=3000 3000w\" sizes=\"auto, (max-width: 300px) 100vw, 300px\" \/><\/p>\n<p>Im M\u00e4rz 2018 sind Liz und Dave bei uns eingezogen. Sie kamen als Kitten zu uns und toben viel durch das ganze Haus. Fressen, Schlafen, Toben, Raufen, Schlafen und dann wieder von vorn ist der aktuelle Lebensrhythmus der beiden.<\/p>\n","protected":false},"excerpt":{"rendered":"<p>Wir haben seit 1993 eine verschieden hohe Zahl von Mitbewohnern. Alles begann mit einem Meerschweinp\u00e4archen (Lulu und Elvis), das recht schnell Nachwuchs hatte. Die ersten Kinder der beiden wurden auch bei uns aufgenommen, so dass sich die Zahl unserer Mitbewohner auf dann sechs Tiere erh\u00f6hte. Weiterer Meerschweinchennachwuchs wurde regelm\u00e4\u00dfig abgegeben, da mehr als sechs Tiere&#8230; <\/p>\n<div class=\"link-more\"><a href=\"http:\/\/www.nereud.de\/?page_id=4\">Weiterlesen<\/a><\/div>\n","protected":false},"author":2,"featured_media":0,"parent":0,"menu_order":0,"comment_status":"open","ping_status":"open","template":"","meta":{"ngg_post_thumbnail":0,"jetpack_post_was_ever_published":false,"footnotes":""},"class_list":["post-4","page","type-page","status-publish","hentry"],"jetpack_sharing_enabled":true,"jetpack_shortlink":"https:\/\/wp.me\/P9v4LZ-4","jetpack_likes_enabled":true,"jetpack-related-posts":[],"_links":{"self":[{"href":"http:\/\/www.nereud.de\/index.php?rest_route=\/wp\/v2\/pages\/4","targetHints":{"allow":["GET"]}}],"collection":[{"href":"http:\/\/www.nereud.de\/index.php?rest_route=\/wp\/v2\/pages"}],"about":[{"href":"http:\/\/www.nereud.de\/index.php?rest_route=\/wp\/v2\/types\/page"}],"author":[{"embeddable":true,"href":"http:\/\/www.nereud.de\/index.php?rest_route=\/wp\/v2\/users\/2"}],"replies":[{"embeddable":true,"href":"http:\/\/www.nereud.de\/index.php?rest_route=%2Fwp%2Fv2%2Fcomments&post=4"}],"version-history":[{"count":7,"href":"http:\/\/www.nereud.de\/index.php?rest_route=\/wp\/v2\/pages\/4\/revisions"}],"predecessor-version":[{"id":1946,"href":"http:\/\/www.nereud.de\/index.php?rest_route=\/wp\/v2\/pages\/4\/revisions\/1946"}],"wp:attachment":[{"href":"http:\/\/www.nereud.de\/index.php?rest_route=%2Fwp%2Fv2%2Fmedia&parent=4"}],"curies":[{"name":"wp","href":"https:\/\/api.w.org\/{rel}","templated":true}]}}